{"id":708,"date":"2023-07-04T11:03:30","date_gmt":"2023-07-04T11:03:30","guid":{"rendered":"https:\/\/esparzaweb.es\/?page_id=708"},"modified":"2024-02-08T13:34:34","modified_gmt":"2024-02-08T13:34:34","slug":"familias-de-productos","status":"publish","type":"page","link":"https:\/\/esparzaweb.es\/en\/familias-de-productos\/","title":{"rendered":"PRODUCTOS"},"content":{"rendered":"<div data-elementor-type=\"wp-page\" data-elementor-id=\"708\" class=\"elementor elementor-708\" data-elementor-post-type=\"page\">\n\t\t\t\t\t\t<section class=\"elementor-section elementor-top-section elementor-element elementor-element-dff382b elementor-section-boxed elementor-section-height-default elementor-section-height-default\" data-id=\"dff382b\" data-element_type=\"section\" data-settings=\"{&quot;jet_parallax_layout_list&quot;:[]}\">\n\t\t\t\t\t\t<div class=\"elementor-container elementor-column-gap-default\">\n\t\t\t\t\t<div class=\"elementor-column elementor-col-100 elementor-top-column elementor-element elementor-element-09d3352\" data-id=\"09d3352\" data-element_type=\"column\">\n\t\t\t<div class=\"elementor-widget-wrap elementor-element-populated\">\n\t\t\t\t\t\t<section class=\"elementor-section elementor-inner-section elementor-element elementor-element-cab880b elementor-section-full_width elementor-section-height-default elementor-section-height-default\" data-id=\"cab880b\" data-element_type=\"section\" data-settings=\"{&quot;jet_parallax_layout_list&quot;:[]}\">\n\t\t\t\t\t\t<div class=\"elementor-container elementor-column-gap-default\">\n\t\t\t\t\t<div class=\"elementor-column elementor-col-100 elementor-inner-column elementor-element elementor-element-6baf77f\" data-id=\"6baf77f\" data-element_type=\"column\">\n\t\t\t<div class=\"elementor-widget-wrap elementor-element-populated\">\n\t\t\t\t\t\t<div class=\"elementor-element elementor-element-f9abaf8 elementor-widget elementor-widget-heading\" data-id=\"f9abaf8\" data-element_type=\"widget\" data-widget_type=\"heading.default\">\n\t\t\t\t<div class=\"elementor-widget-container\">\n\t\t\t<style>\/*! elementor - v3.21.0 - 15-04-2024 *\/\n.elementor-heading-title{padding:0;margin:0;line-height:1}.elementor-widget-heading .elementor-heading-title[class*=elementor-size-]>a{color:inherit;font-size:inherit;line-height:inherit}.elementor-widget-heading .elementor-heading-title.elementor-size-small{font-size:15px}.elementor-widget-heading .elementor-heading-title.elementor-size-medium{font-size:19px}.elementor-widget-heading .elementor-heading-title.elementor-size-large{font-size:29px}.elementor-widget-heading .elementor-heading-title.elementor-size-xl{font-size:39px}.elementor-widget-heading .elementor-heading-title.elementor-size-xxl{font-size:59px}<\/style><h2 class=\"elementor-heading-title elementor-size-default\">Nuestros <a style=\"color:#DD001A\";>Productos<\/a><\/h2>\t\t<\/div>\n\t\t\t\t<\/div>\n\t\t\t\t<div class=\"elementor-element elementor-element-e686792 elementor-widget-mobile__width-initial elementor-widget__width-initial elementor-widget elementor-widget-text-editor\" data-id=\"e686792\" data-element_type=\"widget\" data-widget_type=\"text-editor.default\">\n\t\t\t\t<div class=\"elementor-widget-container\">\n\t\t\t<style>\/*! elementor - v3.21.0 - 15-04-2024 *\/\n.elementor-widget-text-editor.elementor-drop-cap-view-stacked .elementor-drop-cap{background-color:#69727d;color:#fff}.elementor-widget-text-editor.elementor-drop-cap-view-framed .elementor-drop-cap{color:#69727d;border:3px solid;background-color:transparent}.elementor-widget-text-editor:not(.elementor-drop-cap-view-default) .elementor-drop-cap{margin-top:8px}.elementor-widget-text-editor:not(.elementor-drop-cap-view-default) .elementor-drop-cap-letter{width:1em;height:1em}.elementor-widget-text-editor .elementor-drop-cap{float:left;text-align:center;line-height:1;font-size:50px}.elementor-widget-text-editor .elementor-drop-cap-letter{display:inline-block}<\/style>\t\t\t\t<p>Le ofrecemos una amplia gama de productos que satisfacen todas las necesidades. Nos avalan a\u00f1os de experiencia en el sector, trabajamos con los mejores y m\u00e1s innovadores materiales y contamos con un equipo de personas altamente cualificadas que son hoy en d\u00eda una referencia en el sector. Si nos prueba seguro que nos recomendar\u00e1.<\/p>\t\t\t\t\t\t<\/div>\n\t\t\t\t<\/div>\n\t\t\t\t<div class=\"elementor-element elementor-element-22cdcc6 elementor-search-form--skin-minimal elementor-widget__width-initial elementor-widget elementor-widget-search-form\" data-id=\"22cdcc6\" data-element_type=\"widget\" data-settings=\"{&quot;skin&quot;:&quot;minimal&quot;}\" data-widget_type=\"search-form.default\">\n\t\t\t\t<div class=\"elementor-widget-container\">\n\t\t\t<link rel=\"stylesheet\" href=\"https:\/\/esparzaweb.es\/wp-content\/plugins\/elementor-pro\/assets\/css\/widget-theme-elements.min.css\">\t\t<search role=\"search\">\n\t\t\t<form class=\"elementor-search-form\" action=\"https:\/\/esparzaweb.es\/en\" method=\"get\" data-trp-original-action=\"https:\/\/esparzaweb.es\/en\">\n\t\t\t\t\t\t\t\t\t\t\t\t<div class=\"elementor-search-form__container\">\n\t\t\t\t\t<label class=\"elementor-screen-only\" for=\"elementor-search-form-22cdcc6\">Search<\/label>\n\n\t\t\t\t\t\t\t\t\t\t\t<div class=\"elementor-search-form__icon\">\n\t\t\t\t\t\t\t<i aria-hidden=\"true\" class=\"fas fa-search\"><\/i>\t\t\t\t\t\t\t<span class=\"elementor-screen-only\">Search<\/span>\n\t\t\t\t\t\t<\/div>\n\t\t\t\t\t\n\t\t\t\t\t<input id=\"elementor-search-form-22cdcc6\" placeholder=\"\u00bfQu\u00e9 est\u00e1s buscando?\" class=\"elementor-search-form__input\" type=\"search\" name=\"s\" value=\"\">\n\t\t\t\t\t\n\t\t\t\t\t\n\t\t\t\t\t\t\t\t\t<\/div>\n\t\t\t<input type=\"hidden\" name=\"trp-form-language\" value=\"en\"\/><\/form>\n\t\t<\/search>\n\t\t\t\t<\/div>\n\t\t\t\t<\/div>\n\t\t\t\t\t<\/div>\n\t\t<\/div>\n\t\t\t\t\t<\/div>\n\t\t<\/section>\n\t\t\t\t\t<\/div>\n\t\t<\/div>\n\t\t\t\t\t<\/div>\n\t\t<\/section>\n\t\t\t\t<section class=\"elementor-section elementor-top-section elementor-element elementor-element-3af7da3 elementor-section-full_width elementor-section-height-default elementor-section-height-default\" data-id=\"3af7da3\" data-element_type=\"section\" data-settings=\"{&quot;jet_parallax_layout_list&quot;:[]}\">\n\t\t\t\t\t\t<div class=\"elementor-container elementor-column-gap-default\">\n\t\t\t\t\t<div class=\"elementor-column elementor-col-100 elementor-top-column elementor-element elementor-element-d5ffcbd\" data-id=\"d5ffcbd\" data-element_type=\"column\">\n\t\t\t<div class=\"elementor-widget-wrap elementor-element-populated\">\n\t\t\t\t\t\t<section class=\"elementor-section elementor-inner-section elementor-element elementor-element-e112c0c elementor-section-full_width elementor-section-height-default elementor-section-height-default\" data-id=\"e112c0c\" data-element_type=\"section\" data-settings=\"{&quot;jet_parallax_layout_list&quot;:[]}\">\n\t\t\t\t\t\t<div class=\"elementor-container elementor-column-gap-custom\">\n\t\t\t\t\t<div class=\"elementor-column elementor-col-25 elementor-inner-column elementor-element elementor-element-075b674\" data-id=\"075b674\" data-element_type=\"column\">\n\t\t\t<div class=\"elementor-widget-wrap elementor-element-populated\">\n\t\t\t\t\t\t<div class=\"elementor-element elementor-element-3a496fb elementor-widget elementor-widget-image\" data-id=\"3a496fb\" data-element_type=\"widget\" data-widget_type=\"image.default\">\n\t\t\t\t<div class=\"elementor-widget-container\">\n\t\t\t<style>\/*! elementor - v3.21.0 - 15-04-2024 *\/\n.elementor-widget-image{text-align:center}.elementor-widget-image a{display:inline-block}.elementor-widget-image a img[src$=\".svg\"]{width:48px}.elementor-widget-image img{vertical-align:middle;display:inline-block}<\/style>\t\t\t\t\t\t\t\t\t\t\t<a href=\"https:\/\/esparzaweb.es\/en\/producto-aluminio\/\">\n\t\t\t\t\t\t\t<img fetchpriority=\"high\" decoding=\"async\" width=\"1842\" height=\"890\" src=\"https:\/\/esparzaweb.es\/wp-content\/uploads\/2023\/11\/ALUMINIO-1-jpg.webp\" class=\"attachment-full size-full wp-image-3379\" alt=\"\" srcset=\"https:\/\/esparzaweb.es\/wp-content\/uploads\/2023\/11\/ALUMINIO-1-jpg.webp 1842w, https:\/\/esparzaweb.es\/wp-content\/uploads\/2023\/11\/ALUMINIO-1-300x145.webp 300w, https:\/\/esparzaweb.es\/wp-content\/uploads\/2023\/11\/ALUMINIO-1-1024x495.webp 1024w, https:\/\/esparzaweb.es\/wp-content\/uploads\/2023\/11\/ALUMINIO-1-768x371.webp 768w, https:\/\/esparzaweb.es\/wp-content\/uploads\/2023\/11\/ALUMINIO-1-1536x742.webp 1536w, https:\/\/esparzaweb.es\/wp-content\/uploads\/2023\/11\/ALUMINIO-1-18x9.webp 18w\" sizes=\"(max-width: 1842px) 100vw, 1842px\" \/>\t\t\t\t\t\t\t\t<\/a>\n\t\t\t\t\t\t\t\t\t\t\t\t\t<\/div>\n\t\t\t\t<\/div>\n\t\t\t\t\t<\/div>\n\t\t<\/div>\n\t\t\t\t<div class=\"elementor-column elementor-col-25 elementor-inner-column elementor-element elementor-element-414bf18\" data-id=\"414bf18\" data-element_type=\"column\">\n\t\t\t<div class=\"elementor-widget-wrap elementor-element-populated\">\n\t\t\t\t\t\t<div class=\"elementor-element elementor-element-b7cd227 elementor-widget elementor-widget-image\" data-id=\"b7cd227\" data-element_type=\"widget\" data-widget_type=\"image.default\">\n\t\t\t\t<div class=\"elementor-widget-container\">\n\t\t\t\t\t\t\t\t\t\t\t\t\t\t<a href=\"https:\/\/esparzaweb.es\/en\/producto-persianas\/\">\n\t\t\t\t\t\t\t<img decoding=\"async\" width=\"1842\" height=\"891\" src=\"https:\/\/esparzaweb.es\/wp-content\/uploads\/2023\/11\/PERSIANAS-1-jpg.webp\" class=\"attachment-full size-full wp-image-3375\" alt=\"\" srcset=\"https:\/\/esparzaweb.es\/wp-content\/uploads\/2023\/11\/PERSIANAS-1-jpg.webp 1842w, https:\/\/esparzaweb.es\/wp-content\/uploads\/2023\/11\/PERSIANAS-1-300x145.webp 300w, https:\/\/esparzaweb.es\/wp-content\/uploads\/2023\/11\/PERSIANAS-1-1024x495.webp 1024w, https:\/\/esparzaweb.es\/wp-content\/uploads\/2023\/11\/PERSIANAS-1-768x371.webp 768w, https:\/\/esparzaweb.es\/wp-content\/uploads\/2023\/11\/PERSIANAS-1-1536x743.webp 1536w, https:\/\/esparzaweb.es\/wp-content\/uploads\/2023\/11\/PERSIANAS-1-18x9.webp 18w\" sizes=\"(max-width: 1842px) 100vw, 1842px\" \/>\t\t\t\t\t\t\t\t<\/a>\n\t\t\t\t\t\t\t\t\t\t\t\t\t<\/div>\n\t\t\t\t<\/div>\n\t\t\t\t\t<\/div>\n\t\t<\/div>\n\t\t\t\t<div class=\"elementor-column elementor-col-25 elementor-inner-column elementor-element elementor-element-6fabe9f\" data-id=\"6fabe9f\" data-element_type=\"column\">\n\t\t\t<div class=\"elementor-widget-wrap elementor-element-populated\">\n\t\t\t\t\t\t<div class=\"elementor-element elementor-element-f3128cc elementor-widget elementor-widget-image\" data-id=\"f3128cc\" data-element_type=\"widget\" data-widget_type=\"image.default\">\n\t\t\t\t<div class=\"elementor-widget-container\">\n\t\t\t\t\t\t\t\t\t\t\t\t\t\t<a href=\"https:\/\/esparzaweb.es\/en\/producto-proteccion-solar\/\">\n\t\t\t\t\t\t\t<img decoding=\"async\" width=\"1843\" height=\"890\" src=\"https:\/\/esparzaweb.es\/wp-content\/uploads\/2023\/11\/PROTECCION-SOLAR-1-jpg.webp\" class=\"attachment-full size-full wp-image-3376\" alt=\"\" srcset=\"https:\/\/esparzaweb.es\/wp-content\/uploads\/2023\/11\/PROTECCION-SOLAR-1-jpg.webp 1843w, https:\/\/esparzaweb.es\/wp-content\/uploads\/2023\/11\/PROTECCION-SOLAR-1-300x145.webp 300w, https:\/\/esparzaweb.es\/wp-content\/uploads\/2023\/11\/PROTECCION-SOLAR-1-1024x494.webp 1024w, https:\/\/esparzaweb.es\/wp-content\/uploads\/2023\/11\/PROTECCION-SOLAR-1-768x371.webp 768w, https:\/\/esparzaweb.es\/wp-content\/uploads\/2023\/11\/PROTECCION-SOLAR-1-1536x742.webp 1536w, https:\/\/esparzaweb.es\/wp-content\/uploads\/2023\/11\/PROTECCION-SOLAR-1-18x9.webp 18w\" sizes=\"(max-width: 1843px) 100vw, 1843px\" \/>\t\t\t\t\t\t\t\t<\/a>\n\t\t\t\t\t\t\t\t\t\t\t\t\t<\/div>\n\t\t\t\t<\/div>\n\t\t\t\t\t<\/div>\n\t\t<\/div>\n\t\t\t\t<div class=\"elementor-column elementor-col-25 elementor-inner-column elementor-element elementor-element-ac67e58\" data-id=\"ac67e58\" data-element_type=\"column\">\n\t\t\t<div class=\"elementor-widget-wrap elementor-element-populated\">\n\t\t\t\t\t\t<div class=\"elementor-element elementor-element-4906155 elementor-widget elementor-widget-image\" data-id=\"4906155\" data-element_type=\"widget\" data-widget_type=\"image.default\">\n\t\t\t\t<div class=\"elementor-widget-container\">\n\t\t\t\t\t\t\t\t\t\t\t\t\t\t<a href=\"https:\/\/esparzaweb.es\/en\/producto-mosquiteras\/\">\n\t\t\t\t\t\t\t<img loading=\"lazy\" decoding=\"async\" width=\"1843\" height=\"891\" src=\"https:\/\/esparzaweb.es\/wp-content\/uploads\/2023\/11\/MOSQUITERAS-1-jpg.webp\" class=\"attachment-full size-full wp-image-3382\" alt=\"\" srcset=\"https:\/\/esparzaweb.es\/wp-content\/uploads\/2023\/11\/MOSQUITERAS-1-jpg.webp 1843w, https:\/\/esparzaweb.es\/wp-content\/uploads\/2023\/11\/MOSQUITERAS-1-300x145.webp 300w, https:\/\/esparzaweb.es\/wp-content\/uploads\/2023\/11\/MOSQUITERAS-1-1024x495.webp 1024w, https:\/\/esparzaweb.es\/wp-content\/uploads\/2023\/11\/MOSQUITERAS-1-768x371.webp 768w, https:\/\/esparzaweb.es\/wp-content\/uploads\/2023\/11\/MOSQUITERAS-1-1536x743.webp 1536w, https:\/\/esparzaweb.es\/wp-content\/uploads\/2023\/11\/MOSQUITERAS-1-18x9.webp 18w\" sizes=\"(max-width: 1843px) 100vw, 1843px\" \/>\t\t\t\t\t\t\t\t<\/a>\n\t\t\t\t\t\t\t\t\t\t\t\t\t<\/div>\n\t\t\t\t<\/div>\n\t\t\t\t\t<\/div>\n\t\t<\/div>\n\t\t\t\t\t<\/div>\n\t\t<\/section>\n\t\t\t\t<section class=\"elementor-section elementor-inner-section elementor-element elementor-element-cda6205 elementor-section-full_width elementor-section-height-default elementor-section-height-default\" data-id=\"cda6205\" data-element_type=\"section\" data-settings=\"{&quot;jet_parallax_layout_list&quot;:[]}\">\n\t\t\t\t\t\t<div class=\"elementor-container elementor-column-gap-custom\">\n\t\t\t\t\t<div class=\"elementor-column elementor-col-25 elementor-inner-column elementor-element elementor-element-3205fb5\" data-id=\"3205fb5\" data-element_type=\"column\">\n\t\t\t<div class=\"elementor-widget-wrap elementor-element-populated\">\n\t\t\t\t\t\t<div class=\"elementor-element elementor-element-c576060 elementor-widget elementor-widget-image\" data-id=\"c576060\" data-element_type=\"widget\" data-widget_type=\"image.default\">\n\t\t\t\t<div class=\"elementor-widget-container\">\n\t\t\t\t\t\t\t\t\t\t\t\t\t\t<a href=\"https:\/\/esparzaweb.es\/en\/producto-toldos\/\">\n\t\t\t\t\t\t\t<img loading=\"lazy\" decoding=\"async\" width=\"1843\" height=\"891\" src=\"https:\/\/esparzaweb.es\/wp-content\/uploads\/2023\/11\/TOLDOS-1-jpg.webp\" class=\"attachment-full size-full wp-image-3377\" alt=\"\" srcset=\"https:\/\/esparzaweb.es\/wp-content\/uploads\/2023\/11\/TOLDOS-1-jpg.webp 1843w, https:\/\/esparzaweb.es\/wp-content\/uploads\/2023\/11\/TOLDOS-1-300x145.webp 300w, https:\/\/esparzaweb.es\/wp-content\/uploads\/2023\/11\/TOLDOS-1-1024x495.webp 1024w, https:\/\/esparzaweb.es\/wp-content\/uploads\/2023\/11\/TOLDOS-1-768x371.webp 768w, https:\/\/esparzaweb.es\/wp-content\/uploads\/2023\/11\/TOLDOS-1-1536x743.webp 1536w, https:\/\/esparzaweb.es\/wp-content\/uploads\/2023\/11\/TOLDOS-1-18x9.webp 18w\" sizes=\"(max-width: 1843px) 100vw, 1843px\" \/>\t\t\t\t\t\t\t\t<\/a>\n\t\t\t\t\t\t\t\t\t\t\t\t\t<\/div>\n\t\t\t\t<\/div>\n\t\t\t\t\t<\/div>\n\t\t<\/div>\n\t\t\t\t<div class=\"elementor-column elementor-col-25 elementor-inner-column elementor-element elementor-element-b2c3b71\" data-id=\"b2c3b71\" data-element_type=\"column\">\n\t\t\t<div class=\"elementor-widget-wrap elementor-element-populated\">\n\t\t\t\t\t\t<div class=\"elementor-element elementor-element-6ac9c3c elementor-widget elementor-widget-image\" data-id=\"6ac9c3c\" data-element_type=\"widget\" data-widget_type=\"image.default\">\n\t\t\t\t<div class=\"elementor-widget-container\">\n\t\t\t\t\t\t\t\t\t\t\t\t\t\t<a href=\"https:\/\/esparzaweb.es\/en\/producto-cortinas-de-cristal\/\">\n\t\t\t\t\t\t\t<img loading=\"lazy\" decoding=\"async\" width=\"1842\" height=\"890\" src=\"https:\/\/esparzaweb.es\/wp-content\/uploads\/2023\/11\/CORTINAS-DE-CRISTAL-1-jpg.webp\" class=\"attachment-full size-full wp-image-3380\" alt=\"\" srcset=\"https:\/\/esparzaweb.es\/wp-content\/uploads\/2023\/11\/CORTINAS-DE-CRISTAL-1-jpg.webp 1842w, https:\/\/esparzaweb.es\/wp-content\/uploads\/2023\/11\/CORTINAS-DE-CRISTAL-1-300x145.webp 300w, https:\/\/esparzaweb.es\/wp-content\/uploads\/2023\/11\/CORTINAS-DE-CRISTAL-1-1024x495.webp 1024w, https:\/\/esparzaweb.es\/wp-content\/uploads\/2023\/11\/CORTINAS-DE-CRISTAL-1-768x371.webp 768w, https:\/\/esparzaweb.es\/wp-content\/uploads\/2023\/11\/CORTINAS-DE-CRISTAL-1-1536x742.webp 1536w, https:\/\/esparzaweb.es\/wp-content\/uploads\/2023\/11\/CORTINAS-DE-CRISTAL-1-18x9.webp 18w\" sizes=\"(max-width: 1842px) 100vw, 1842px\" \/>\t\t\t\t\t\t\t\t<\/a>\n\t\t\t\t\t\t\t\t\t\t\t\t\t<\/div>\n\t\t\t\t<\/div>\n\t\t\t\t\t<\/div>\n\t\t<\/div>\n\t\t\t\t<div class=\"elementor-column elementor-col-25 elementor-inner-column elementor-element elementor-element-6e531b3\" data-id=\"6e531b3\" data-element_type=\"column\">\n\t\t\t<div class=\"elementor-widget-wrap elementor-element-populated\">\n\t\t\t\t\t\t<div class=\"elementor-element elementor-element-fda3944 elementor-widget elementor-widget-image\" data-id=\"fda3944\" data-element_type=\"widget\" data-widget_type=\"image.default\">\n\t\t\t\t<div class=\"elementor-widget-container\">\n\t\t\t\t\t\t\t\t\t\t\t\t\t\t<a href=\"https:\/\/esparzaweb.es\/en\/producto-pergolas\/\">\n\t\t\t\t\t\t\t<img loading=\"lazy\" decoding=\"async\" width=\"1843\" height=\"888\" src=\"https:\/\/esparzaweb.es\/wp-content\/uploads\/2023\/11\/PERGOLAS-1-jpg.webp\" class=\"attachment-full size-full wp-image-3374\" alt=\"\" srcset=\"https:\/\/esparzaweb.es\/wp-content\/uploads\/2023\/11\/PERGOLAS-1-jpg.webp 1843w, https:\/\/esparzaweb.es\/wp-content\/uploads\/2023\/11\/PERGOLAS-1-300x145.webp 300w, https:\/\/esparzaweb.es\/wp-content\/uploads\/2023\/11\/PERGOLAS-1-1024x493.webp 1024w, https:\/\/esparzaweb.es\/wp-content\/uploads\/2023\/11\/PERGOLAS-1-768x370.webp 768w, https:\/\/esparzaweb.es\/wp-content\/uploads\/2023\/11\/PERGOLAS-1-1536x740.webp 1536w, https:\/\/esparzaweb.es\/wp-content\/uploads\/2023\/11\/PERGOLAS-1-18x9.webp 18w\" sizes=\"(max-width: 1843px) 100vw, 1843px\" \/>\t\t\t\t\t\t\t\t<\/a>\n\t\t\t\t\t\t\t\t\t\t\t\t\t<\/div>\n\t\t\t\t<\/div>\n\t\t\t\t\t<\/div>\n\t\t<\/div>\n\t\t\t\t<div class=\"elementor-column elementor-col-25 elementor-inner-column elementor-element elementor-element-20146ff\" data-id=\"20146ff\" data-element_type=\"column\">\n\t\t\t<div class=\"elementor-widget-wrap elementor-element-populated\">\n\t\t\t\t\t\t<div class=\"elementor-element elementor-element-4ca1780 elementor-widget elementor-widget-image\" data-id=\"4ca1780\" data-element_type=\"widget\" data-widget_type=\"image.default\">\n\t\t\t\t<div class=\"elementor-widget-container\">\n\t\t\t\t\t\t\t\t\t\t\t\t\t\t<a href=\"https:\/\/esparzaweb.es\/en\/producto-deco-interior\/\">\n\t\t\t\t\t\t\t<img loading=\"lazy\" decoding=\"async\" width=\"1843\" height=\"890\" src=\"https:\/\/esparzaweb.es\/wp-content\/uploads\/2023\/11\/DECO-INTERIOR-1-jpg.webp\" class=\"attachment-full size-full wp-image-3381\" alt=\"\" srcset=\"https:\/\/esparzaweb.es\/wp-content\/uploads\/2023\/11\/DECO-INTERIOR-1-jpg.webp 1843w, https:\/\/esparzaweb.es\/wp-content\/uploads\/2023\/11\/DECO-INTERIOR-1-300x145.webp 300w, https:\/\/esparzaweb.es\/wp-content\/uploads\/2023\/11\/DECO-INTERIOR-1-1024x494.webp 1024w, https:\/\/esparzaweb.es\/wp-content\/uploads\/2023\/11\/DECO-INTERIOR-1-768x371.webp 768w, https:\/\/esparzaweb.es\/wp-content\/uploads\/2023\/11\/DECO-INTERIOR-1-1536x742.webp 1536w, https:\/\/esparzaweb.es\/wp-content\/uploads\/2023\/11\/DECO-INTERIOR-1-18x9.webp 18w\" sizes=\"(max-width: 1843px) 100vw, 1843px\" \/>\t\t\t\t\t\t\t\t<\/a>\n\t\t\t\t\t\t\t\t\t\t\t\t\t<\/div>\n\t\t\t\t<\/div>\n\t\t\t\t\t<\/div>\n\t\t<\/div>\n\t\t\t\t\t<\/div>\n\t\t<\/section>\n\t\t\t\t\t<\/div>\n\t\t<\/div>\n\t\t\t\t\t<\/div>\n\t\t<\/section>\n\t\t\t\t<\/div>","protected":false},"excerpt":{"rendered":"<p>Nuestros Productos Le ofrecemos una amplia gama de productos que satisfacen todas las necesidades. Nos avalan a\u00f1os de experiencia en el sector, trabajamos con los mejores y m\u00e1s innovadores materiales y contamos con un equipo de personas altamente cualificadas que son hoy en d\u00eda una referencia en el sector. Si nos prueba seguro que nos [&hellip;]<\/p>","protected":false},"author":1,"featured_media":0,"parent":0,"menu_order":0,"comment_status":"closed","ping_status":"closed","template":"elementor_header_footer","meta":{"footnotes":""},"class_list":["post-708","page","type-page","status-publish","hentry"],"_links":{"self":[{"href":"https:\/\/esparzaweb.es\/en\/wp-json\/wp\/v2\/pages\/708","targetHints":{"allow":["GET"]}}],"collection":[{"href":"https:\/\/esparzaweb.es\/en\/wp-json\/wp\/v2\/pages"}],"about":[{"href":"https:\/\/esparzaweb.es\/en\/wp-json\/wp\/v2\/types\/page"}],"author":[{"embeddable":true,"href":"https:\/\/esparzaweb.es\/en\/wp-json\/wp\/v2\/users\/1"}],"replies":[{"embeddable":true,"href":"https:\/\/esparzaweb.es\/en\/wp-json\/wp\/v2\/comments?post=708"}],"version-history":[{"count":367,"href":"https:\/\/esparzaweb.es\/en\/wp-json\/wp\/v2\/pages\/708\/revisions"}],"predecessor-version":[{"id":3794,"href":"https:\/\/esparzaweb.es\/en\/wp-json\/wp\/v2\/pages\/708\/revisions\/3794"}],"wp:attachment":[{"href":"https:\/\/esparzaweb.es\/en\/wp-json\/wp\/v2\/media?parent=708"}],"curies":[{"name":"wp","href":"https:\/\/api.w.org\/{rel}","templated":true}]}}